{"id":250,"date":"2020-07-28T13:15:58","date_gmt":"2020-07-28T11:15:58","guid":{"rendered":"http:\/\/www.praxiskohler.at\/wordpress\/?page_id=250"},"modified":"2020-08-04T14:55:27","modified_gmt":"2020-08-04T12:55:27","slug":"impressum","status":"publish","type":"page","link":"https:\/\/www.praxiskohler.at\/wordpress\/?page_id=250","title":{"rendered":"Impressum"},"content":{"rendered":"<div class=\"fusion-fullwidth fullwidth-box fusion-builder-row-1 fusion-flex-container nonhundred-percent-fullwidth non-hundred-percent-height-scrolling\" style=\"--awb-border-radius-top-left:0px;--awb-border-radius-top-right:0px;--awb-border-radius-bottom-right:0px;--awb-border-radius-bottom-left:0px;--awb-flex-wrap:wrap;\" ><div class=\"fusion-builder-row fusion-row fusion-flex-align-items-flex-start fusion-flex-content-wrap\" style=\"max-width:1248px;margin-left: calc(-4% \/ 2 );margin-right: calc(-4% \/ 2 );\"><div class=\"fusion-layout-column fusion_builder_column fusion-builder-column-0 fusion_builder_column_1_1 1_1 fusion-flex-column\" style=\"--awb-bg-size:cover;--awb-width-large:100%;--awb-margin-top-large:0px;--awb-spacing-right-large:1.92%;--awb-margin-bottom-large:20px;--awb-spacing-left-large:1.92%;--awb-width-medium:100%;--awb-order-medium:0;--awb-spacing-right-medium:1.92%;--awb-spacing-left-medium:1.92%;--awb-width-small:100%;--awb-order-small:0;--awb-spacing-right-small:1.92%;--awb-spacing-left-small:1.92%;\"><div class=\"fusion-column-wrapper fusion-column-has-shadow fusion-flex-justify-content-flex-start fusion-content-layout-column\"><div class=\"fusion-text fusion-text-1\"><div class=\"entry-content\">\n<div class=\"elementor elementor-226 elementor-bc-flex-widget\" data-elementor-type=\"wp-post\" data-elementor-id=\"226\" data-elementor-settings=\"&#091;&#093;\">\n<div class=\"elementor-inner\">\n<div class=\"elementor-section-wrap\">\n<section class=\"elementor-element elementor-element-d26ed83 elementor-section-boxed elementor-section-height-default elementor-section-height-default elementor-section elementor-top-section\" data-id=\"d26ed83\" data-element_type=\"section\">\n<div class=\"elementor-container elementor-column-gap-default\">\n<div class=\"elementor-row\">\n<div class=\"elementor-element elementor-element-640a0a6 elementor-column elementor-col-100 elementor-top-column\" data-id=\"640a0a6\" data-element_type=\"column\">\n<div class=\"elementor-column-wrap elementor-element-populated\">\n<div class=\"elementor-widget-wrap\">\n<div class=\"elementor-element elementor-element-41df7d9 elementor-widget elementor-widget-heading\" data-id=\"41df7d9\" data-element_type=\"widget\" data-widget_type=\"heading.default\">\n<div class=\"elementor-widget-container\">\n<p class=\"center grey\">2020 \u00a9 Dr. Bertram Kohler. All rights reserved.<\/p>\n<h1 class=\"elementor-heading-title elementor-size-default\">Impressum<\/h1>\n<p class=\"center grey\">F\u00fcr den Inhalt verantwortlich ist Dr. Bertram Kohler, Am Kehlerpark 2, 6850 Dornbirn, eingetragen in die \u00c4rzteliste als Mitglied der <a href=\"http:\/\/www.aekvbg.or.at\">\u00c4rztekammer f\u00fcr Vorarlberg<\/a>, Schulgasse 17, 6850 Dornbirn, Tel. 43-5572-21900<\/p>\n<p class=\"center grey\">Berufsbezeichnung: Facharzt f\u00fcr Innere Medizin (verliehen in \u00d6sterreich), Bezirkshauptmannschaft Dornbirn. Die T\u00e4tigkeit unterliegt dem \u00c4rztegesetz 1998. Blattlinie der Website: Information zur Praxiskohler<\/p>\n<p class=\"center grey\">Trotz sorgf\u00e4ltiger Pr\u00fcfung \u00fcbernehmen wir keine Haftung f\u00fcr Verweise oder Links auf externe Inhalte &#8211; f\u00fcr diese Inhalte sind ausschlie\u00dflich ihre Betreiber verantwortlich.<\/p>\n<\/div>\n<\/div>\n<\/div>\n<\/div>\n<\/div>\n<\/div>\n<\/div>\n<\/section>\n<section class=\"elementor-element elementor-element-2db1993 elementor-section-boxed elementor-section-height-default elementor-section-height-default elementor-section elementor-top-section\" data-id=\"2db1993\" data-element_type=\"section\">\n<div class=\"elementor-container elementor-column-gap-default\">\n<div class=\"elementor-row\">\n<div class=\"elementor-element elementor-element-a3795f4 elementor-column elementor-col-100 elementor-top-column\" data-id=\"a3795f4\" data-element_type=\"column\">\n<div class=\"elementor-column-wrap elementor-element-populated\">\n<div class=\"elementor-widget-wrap\">\n<div class=\"elementor-element elementor-element-0af5573 elementor-widget elementor-widget-text-editor\" data-id=\"0af5573\" data-element_type=\"widget\" data-widget_type=\"text-editor.default\">\n<div class=\"elementor-widget-container\">\n<div class=\"elementor-text-editor elementor-clearfix\">\n<p><strong>Urheberrecht<br \/>\n<\/strong>Die Website <a href=\"http:\/\/www.praxis-dr-zoppel.at\/\">www.praxiskohler.at<\/a> ist in Ihrer Gesamtheit ebenso wie in Teilen durch das Urheberrecht gesch\u00fctzt. Wir erlauben aber jedermann, die Inhalte zum Zweck der Informationssuche sowie zur privaten Verwendung auszudrucken und abzuspeichern. Die \u00dcbernahme einzelner Seiten als Ganzes unter Angabe der Quelle ist erlaubt. F\u00fcr die \u00dcbernahme mehrerer Seiten sowie f\u00fcr die Verwendung einzelner Elemente einer Seite muss die ausdr\u00fcckliche Zustimmung eingeholt werden.<\/p>\n<p><strong>Pressemitteilungen<br \/>\n<\/strong>Pressemitteilungen und andere als \u00f6ffentlich gekennzeichnete Dokumente d\u00fcrfen in \u00f6ffentlichen Mitteilungen unter der Voraussetzung verwendet werden, dass die Quelle f\u00fcr die verwendete Information in der \u00f6ffentlichen Mitteilung genannt wird. F\u00fcr die Richtigkeit und Vollst\u00e4ndigkeit s\u00e4mtlicher Inhalte und Darstellungen wird keine Gew\u00e4hr \u00fcbernommen.<\/p>\n<p align=\"left\"><strong>Verweise<br \/>\n<\/strong>Einige Verweise (Links) auf dieser Site f\u00fchren Sie zu Web-Sites anderer Anbieter. Alle Verweise dienen lediglich zur Information \u00fcber die Existenz weiterer Informationen. Dr Bertram Kohler macht sich die dort angebotenen Inhalte nicht zu eigen, die Verweise unterliegen nicht unserer Kontrolle und wir \u00fcbernehmen keine Verantwortung f\u00fcr auf solchen Sites erzeugte oder ver\u00f6ffentlichte Inhalte. Die blo\u00dfe Angabe eines Verweises enth\u00e4lt keine Garantie \u00fcber die Erreichbarkeit oder uneingeschr\u00e4nkte Nutzbarkeit der verwiesenen Inhalte.<\/p>\n<\/div>\n<\/div>\n<\/div>\n<\/div>\n<\/div>\n<\/div>\n<\/div>\n<\/div>\n<\/section>\n<\/div>\n<\/div>\n<\/div>\n<\/div>\n<\/div><\/div><\/div><\/div><\/div>\n","protected":false},"excerpt":{"rendered":"","protected":false},"author":1,"featured_media":0,"parent":102,"menu_order":0,"comment_status":"closed","ping_status":"closed","template":"","meta":{"footnotes":""},"_links":{"self":[{"href":"https:\/\/www.praxiskohler.at\/wordpress\/index.php?rest_route=\/wp\/v2\/pages\/250"}],"collection":[{"href":"https:\/\/www.praxiskohler.at\/wordpress\/index.php?rest_route=\/wp\/v2\/pages"}],"about":[{"href":"https:\/\/www.praxiskohler.at\/wordpress\/index.php?rest_route=\/wp\/v2\/types\/page"}],"author":[{"embeddable":true,"href":"https:\/\/www.praxiskohler.at\/wordpress\/index.php?rest_route=\/wp\/v2\/users\/1"}],"replies":[{"embeddable":true,"href":"https:\/\/www.praxiskohler.at\/wordpress\/index.php?rest_route=%2Fwp%2Fv2%2Fcomments&post=250"}],"version-history":[{"count":7,"href":"https:\/\/www.praxiskohler.at\/wordpress\/index.php?rest_route=\/wp\/v2\/pages\/250\/revisions"}],"predecessor-version":[{"id":972,"href":"https:\/\/www.praxiskohler.at\/wordpress\/index.php?rest_route=\/wp\/v2\/pages\/250\/revisions\/972"}],"up":[{"embeddable":true,"href":"https:\/\/www.praxiskohler.at\/wordpress\/index.php?rest_route=\/wp\/v2\/pages\/102"}],"wp:attachment":[{"href":"https:\/\/www.praxiskohler.at\/wordpress\/index.php?rest_route=%2Fwp%2Fv2%2Fmedia&parent=250"}],"curies":[{"name":"wp","href":"https:\/\/api.w.org\/{rel}","templated":true}]}}